{"id":1538,"date":"2020-01-28T11:46:11","date_gmt":"2020-01-28T10:46:11","guid":{"rendered":"https:\/\/scissor-post-lifts.com\/azienda\/"},"modified":"2020-11-18T15:25:26","modified_gmt":"2020-11-18T14:25:26","slug":"chi-siamo","status":"publish","type":"page","link":"https:\/\/www.wertherint.com\/it\/chi-siamo\/","title":{"rendered":"Chi siamo"},"content":{"rendered":"\n<p>Werther International \u00e8 una societ\u00e0 dinamica che da oltre 40 anni lavora nel campo delle auto-attrezzature, curando in particolare la qualit\u00e0 dei prodotti e la soddisfazione dei clienti. La societ\u00e0 \u00e8 diversificata in diverse divisioni produttive, ciascuna specializzata per tipologia di prodotti fabbricati:<\/p>\n\n<ul><li>Attrezzature per garage<\/li><li>Attrezzature per gommisti<\/li><li>Compressori silenziosi e senza olio per impiego medicale<\/li><li>Compressori elettrici portatili<\/li><\/ul>\n\n<p>La qualit\u00e0 dei propri prodotti si basa, oltre all&#8217;esperienza acquisita nel settore, anche sui seguenti aspetti:<\/p>\n\n<ul><li>Una realt\u00e0 con unit\u00e0 operative in Italia, Francia, Regno Unito, Spagna, USA e Polonia con distributori in 150 paesi<\/li><li>Un ufficio progettazione che sviluppa il miglioramento tecnologico e i nuovi prodotti curando le prove ed omologazione degli stessi<\/li><li>Una tecnologia produttiva basata su produzioni proprie, su un parco fornitori altamente qualificati e su un attento controllo qualit\u00e0 (3 fabbriche in Italia con circa 200 dipendenti e una superficie coperta di circa 45.000 m\u00b2)<\/li><\/ul>\n\n<p>La societ\u00e0 collabora con i maggiori costruttori europei e mondiali fornendo attrezzature personalizzate con loro marchi in conformit\u00e0 a loro specifiche e questo ha permesso di sviluppare l\u2019export sino al 90% del volume totale delle vendite.<\/p>\n","protected":false},"excerpt":{"rendered":"Werther International \u00e8 una societ\u00e0 dinamica che da oltre 40 anni lavora nel campo delle auto-attrezzature, curando in particolare la qualit\u00e0 dei prodotti e la soddisfazione dei clienti.&hellip;","protected":false},"author":1,"featured_media":1546,"parent":0,"menu_order":0,"comment_status":"closed","ping_status":"closed","template":"template-cover.php","meta":[],"yoast_head":"<!-- This site is optimized with the Yoast SEO plugin v18.3 - https:\/\/yoast.com\/wordpress\/plugins\/seo\/ -->\n<title>Chi siamo - Werther International S.p.A.<\/title>\n<meta name=\"robots\" content=\"index, follow, max-snippet:-1, max-image-preview:large, max-video-preview:-1\" \/>\n<link rel=\"canonical\" href=\"https:\/\/www.wertherint.com\/it\/chi-siamo\/\" \/>\n<meta property=\"og:locale\" content=\"it_IT\" \/>\n<meta property=\"og:type\" content=\"article\" \/>\n<meta property=\"og:title\" content=\"Chi siamo - Werther International S.p.A.\" \/>\n<meta property=\"og:description\" content=\"Werther International \u00e8 una societ\u00e0 dinamica che da oltre 40 anni lavora nel campo delle auto-attrezzature, curando in particolare la qualit\u00e0 dei prodotti e la soddisfazione dei clienti.&hellip;\" \/>\n<meta property=\"og:url\" content=\"https:\/\/www.wertherint.com\/it\/chi-siamo\/\" \/>\n<meta property=\"og:site_name\" content=\"Werther International S.p.A.\" \/>\n<meta property=\"article:modified_time\" content=\"2020-11-18T14:25:26+00:00\" \/>\n<meta property=\"og:image\" content=\"https:\/\/www.wertherint.com\/wp-content\/uploads\/2020\/01\/banner-company.jpg\" \/>\n\t<meta property=\"og:image:width\" content=\"1200\" \/>\n\t<meta property=\"og:image:height\" content=\"500\" \/>\n\t<meta property=\"og:image:type\" content=\"image\/jpeg\" \/>\n<meta name=\"twitter:card\" content=\"summary_large_image\" \/>\n<meta name=\"twitter:label1\" content=\"Tempo di lettura stimato\" \/>\n\t<meta name=\"twitter:data1\" content=\"1 minuto\" \/>\n<script type=\"application\/ld+json\" class=\"yoast-schema-graph\">{\"@context\":\"https:\/\/schema.org\",\"@graph\":[{\"@type\":\"Organization\",\"@id\":\"https:\/\/www.scissor-post-lifts.com\/#organization\",\"name\":\"Werther International S.p.A.\",\"url\":\"https:\/\/www.scissor-post-lifts.com\/\",\"sameAs\":[],\"logo\":{\"@type\":\"ImageObject\",\"@id\":\"https:\/\/www.scissor-post-lifts.com\/#logo\",\"inLanguage\":\"it-IT\",\"url\":\"https:\/\/www.wertherint.com\/wp-content\/uploads\/2020\/04\/logo-werther.png\",\"contentUrl\":\"https:\/\/www.wertherint.com\/wp-content\/uploads\/2020\/04\/logo-werther.png\",\"width\":600,\"height\":600,\"caption\":\"Werther International S.p.A.\"},\"image\":{\"@id\":\"https:\/\/www.scissor-post-lifts.com\/#logo\"}},{\"@type\":\"WebSite\",\"@id\":\"https:\/\/www.scissor-post-lifts.com\/#website\",\"url\":\"https:\/\/www.scissor-post-lifts.com\/\",\"name\":\"Werther International S.p.A.\",\"description\":\"Garage Equipment and Wheel Service Equipment\",\"publisher\":{\"@id\":\"https:\/\/www.scissor-post-lifts.com\/#organization\"},\"potentialAction\":[{\"@type\":\"SearchAction\",\"target\":{\"@type\":\"EntryPoint\",\"urlTemplate\":\"https:\/\/www.scissor-post-lifts.com\/?s={search_term_string}\"},\"query-input\":\"required name=search_term_string\"}],\"inLanguage\":\"it-IT\"},{\"@type\":\"ImageObject\",\"@id\":\"https:\/\/www.wertherint.com\/it\/chi-siamo\/#primaryimage\",\"inLanguage\":\"it-IT\",\"url\":\"https:\/\/www.wertherint.com\/wp-content\/uploads\/2020\/01\/banner-company.jpg\",\"contentUrl\":\"https:\/\/www.wertherint.com\/wp-content\/uploads\/2020\/01\/banner-company.jpg\",\"width\":1200,\"height\":500},{\"@type\":\"WebPage\",\"@id\":\"https:\/\/www.wertherint.com\/it\/chi-siamo\/#webpage\",\"url\":\"https:\/\/www.wertherint.com\/it\/chi-siamo\/\",\"name\":\"Chi siamo - Werther International S.p.A.\",\"isPartOf\":{\"@id\":\"https:\/\/www.scissor-post-lifts.com\/#website\"},\"primaryImageOfPage\":{\"@id\":\"https:\/\/www.wertherint.com\/it\/chi-siamo\/#primaryimage\"},\"datePublished\":\"2020-01-28T10:46:11+00:00\",\"dateModified\":\"2020-11-18T14:25:26+00:00\",\"breadcrumb\":{\"@id\":\"https:\/\/www.wertherint.com\/it\/chi-siamo\/#breadcrumb\"},\"inLanguage\":\"it-IT\",\"potentialAction\":[{\"@type\":\"ReadAction\",\"target\":[\"https:\/\/www.wertherint.com\/it\/chi-siamo\/\"]}]},{\"@type\":\"BreadcrumbList\",\"@id\":\"https:\/\/www.wertherint.com\/it\/chi-siamo\/#breadcrumb\",\"itemListElement\":[{\"@type\":\"ListItem\",\"position\":1,\"name\":\"Home\",\"item\":\"https:\/\/www.wertherint.com\/it\/\"},{\"@type\":\"ListItem\",\"position\":2,\"name\":\"Chi siamo\"}]}]}<\/script>\n<!-- \/ Yoast SEO plugin. -->","yoast_head_json":{"title":"Chi siamo - Werther International S.p.A.","robots":{"index":"index","follow":"follow","max-snippet":"max-snippet:-1","max-image-preview":"max-image-preview:large","max-video-preview":"max-video-preview:-1"},"canonical":"https:\/\/www.wertherint.com\/it\/chi-siamo\/","og_locale":"it_IT","og_type":"article","og_title":"Chi siamo - Werther International S.p.A.","og_description":"Werther International \u00e8 una societ\u00e0 dinamica che da oltre 40 anni lavora nel campo delle auto-attrezzature, curando in particolare la qualit\u00e0 dei prodotti e la soddisfazione dei clienti.&hellip;","og_url":"https:\/\/www.wertherint.com\/it\/chi-siamo\/","og_site_name":"Werther International S.p.A.","article_modified_time":"2020-11-18T14:25:26+00:00","og_image":[{"width":1200,"height":500,"url":"https:\/\/www.wertherint.com\/wp-content\/uploads\/2020\/01\/banner-company.jpg","type":"image\/jpeg"}],"twitter_card":"summary_large_image","twitter_misc":{"Tempo di lettura stimato":"1 minuto"},"schema":{"@context":"https:\/\/schema.org","@graph":[{"@type":"Organization","@id":"https:\/\/www.scissor-post-lifts.com\/#organization","name":"Werther International S.p.A.","url":"https:\/\/www.scissor-post-lifts.com\/","sameAs":[],"logo":{"@type":"ImageObject","@id":"https:\/\/www.scissor-post-lifts.com\/#logo","inLanguage":"it-IT","url":"https:\/\/www.wertherint.com\/wp-content\/uploads\/2020\/04\/logo-werther.png","contentUrl":"https:\/\/www.wertherint.com\/wp-content\/uploads\/2020\/04\/logo-werther.png","width":600,"height":600,"caption":"Werther International S.p.A."},"image":{"@id":"https:\/\/www.scissor-post-lifts.com\/#logo"}},{"@type":"WebSite","@id":"https:\/\/www.scissor-post-lifts.com\/#website","url":"https:\/\/www.scissor-post-lifts.com\/","name":"Werther International S.p.A.","description":"Garage Equipment and Wheel Service Equipment","publisher":{"@id":"https:\/\/www.scissor-post-lifts.com\/#organization"},"potentialAction":[{"@type":"SearchAction","target":{"@type":"EntryPoint","urlTemplate":"https:\/\/www.scissor-post-lifts.com\/?s={search_term_string}"},"query-input":"required name=search_term_string"}],"inLanguage":"it-IT"},{"@type":"ImageObject","@id":"https:\/\/www.wertherint.com\/it\/chi-siamo\/#primaryimage","inLanguage":"it-IT","url":"https:\/\/www.wertherint.com\/wp-content\/uploads\/2020\/01\/banner-company.jpg","contentUrl":"https:\/\/www.wertherint.com\/wp-content\/uploads\/2020\/01\/banner-company.jpg","width":1200,"height":500},{"@type":"WebPage","@id":"https:\/\/www.wertherint.com\/it\/chi-siamo\/#webpage","url":"https:\/\/www.wertherint.com\/it\/chi-siamo\/","name":"Chi siamo - Werther International S.p.A.","isPartOf":{"@id":"https:\/\/www.scissor-post-lifts.com\/#website"},"primaryImageOfPage":{"@id":"https:\/\/www.wertherint.com\/it\/chi-siamo\/#primaryimage"},"datePublished":"2020-01-28T10:46:11+00:00","dateModified":"2020-11-18T14:25:26+00:00","breadcrumb":{"@id":"https:\/\/www.wertherint.com\/it\/chi-siamo\/#breadcrumb"},"inLanguage":"it-IT","potentialAction":[{"@type":"ReadAction","target":["https:\/\/www.wertherint.com\/it\/chi-siamo\/"]}]},{"@type":"BreadcrumbList","@id":"https:\/\/www.wertherint.com\/it\/chi-siamo\/#breadcrumb","itemListElement":[{"@type":"ListItem","position":1,"name":"Home","item":"https:\/\/www.wertherint.com\/it\/"},{"@type":"ListItem","position":2,"name":"Chi siamo"}]}]}},"acf":[],"_links":{"self":[{"href":"https:\/\/www.wertherint.com\/it\/wp-json\/wp\/v2\/pages\/1538"}],"collection":[{"href":"https:\/\/www.wertherint.com\/it\/wp-json\/wp\/v2\/pages"}],"about":[{"href":"https:\/\/www.wertherint.com\/it\/wp-json\/wp\/v2\/types\/page"}],"author":[{"embeddable":true,"href":"https:\/\/www.wertherint.com\/it\/wp-json\/wp\/v2\/users\/1"}],"replies":[{"embeddable":true,"href":"https:\/\/www.wertherint.com\/it\/wp-json\/wp\/v2\/comments?post=1538"}],"version-history":[{"count":5,"href":"https:\/\/www.wertherint.com\/it\/wp-json\/wp\/v2\/pages\/1538\/revisions"}],"predecessor-version":[{"id":5485,"href":"https:\/\/www.wertherint.com\/it\/wp-json\/wp\/v2\/pages\/1538\/revisions\/5485"}],"wp:featuredmedia":[{"embeddable":true,"href":"https:\/\/www.wertherint.com\/it\/wp-json\/wp\/v2\/media\/1546"}],"wp:attachment":[{"href":"https:\/\/www.wertherint.com\/it\/wp-json\/wp\/v2\/media?parent=1538"}],"curies":[{"name":"wp","href":"https:\/\/api.w.org\/{rel}","templated":true}]}}